{"id":19327,"date":"2023-01-25T00:40:42","date_gmt":"2023-01-25T00:40:42","guid":{"rendered":"https:\/\/mericdentalclinic.com\/?page_id=19327"},"modified":"2025-07-15T07:31:14","modified_gmt":"2025-07-15T07:31:14","slug":"hakkimizda","status":"publish","type":"page","link":"https:\/\/mericdentalclinic.com\/en\/hakkimizda\/","title":{"rendered":"About Us"},"content":{"rendered":"<div data-elementor-type=\"wp-page\" data-elementor-id=\"19327\" class=\"elementor elementor-19327\">\n\t\t\t\t\t\t<section class=\"elementor-section elementor-top-section elementor-element elementor-element-afa98d9 elementor-section-boxed elementor-section-height-default elementor-section-height-default sc_fly_static\" data-id=\"afa98d9\" data-element_type=\"section\">\n\t\t\t\t\t\t<div class=\"elementor-container elementor-column-gap-extended\">\n\t\t\t\t\t<div class=\"elementor-column elementor-col-100 elementor-top-column elementor-element elementor-element-da7431a sc_inner_width_none sc_content_align_inherit sc_layouts_column_icons_position_left sc_fly_static\" data-id=\"da7431a\" data-element_type=\"column\">\n\t\t\t<div class=\"elementor-widget-wrap elementor-element-populated\">\n\t\t\t\t\t\t<div class=\"elementor-element elementor-element-27ff1e6 sc_fly_static elementor-widget elementor-widget-spacer\" data-id=\"27ff1e6\" data-element_type=\"widget\" data-widget_type=\"spacer.default\">\n\t\t\t\t<div class=\"elementor-widget-container\">\n\t\t\t\t\t\t\t<div class=\"elementor-spacer\">\n\t\t\t<div class=\"elementor-spacer-inner\"><\/div>\n\t\t<\/div>\n\t\t\t\t\t\t<\/div>\n\t\t\t\t<\/div>\n\t\t\t\t\t<\/div>\n\t\t<\/div>\n\t\t\t\t\t<\/div>\n\t\t<\/section>\n\t\t\t\t<section class=\"elementor-section elementor-top-section elementor-element elementor-element-eed61ea elementor-section-boxed elementor-section-height-default elementor-section-height-default sc_fly_static\" data-id=\"eed61ea\" data-element_type=\"section\">\n\t\t\t\t\t\t<div class=\"elementor-container elementor-column-gap-no\">\n\t\t\t\t\t<div class=\"elementor-column elementor-col-50 elementor-top-column elementor-element elementor-element-68137d3 sc_inner_width_none sc_content_align_inherit sc_layouts_column_icons_position_left sc_fly_static\" data-id=\"68137d3\" data-element_type=\"column\" data-settings=\"{&quot;background_background&quot;:&quot;classic&quot;}\">\n\t\t\t<div class=\"elementor-widget-wrap\">\n\t\t\t\t\t\t\t<\/div>\n\t\t<\/div>\n\t\t\t\t<div class=\"elementor-column elementor-col-50 elementor-top-column elementor-element elementor-element-98e2037 sc_inner_width_none sc_content_align_inherit sc_layouts_column_icons_position_left sc_fly_static\" data-id=\"98e2037\" data-element_type=\"column\">\n\t\t\t<div class=\"elementor-widget-wrap elementor-element-populated\">\n\t\t\t\t\t\t<div class=\"elementor-element elementor-element-289305e sc_fly_static elementor-widget elementor-widget-text-editor\" data-id=\"289305e\" data-element_type=\"widget\" data-widget_type=\"text-editor.default\">\n\t\t\t\t<div class=\"elementor-widget-container\">\n\t\t\t\t\t\t\t\t\t<p>Meric Dental Clinic was established in 2016 by Prosthodontist Dr. Dt. \u0130pek AYSAN MER\u0130\u00c7 and\nOrthodontist Dr. Dt. Arda MER\u0130\u00c7. Using the power and unity of two disciplines (ortho-prosthetic\ncollaboration), two dental specialists have treated hundreds of patients in a boutique practice for 6\nyears, putting modern treatment procedures at the core of their vision.<\/p><p>The duo established Meric Dental Oral and Dental Health Polyclinic in April 2022 with the aim of\nmaintaining the same quality of treatment and multidisciplinary approach with a wider team and\nwithin a larger fully equipped polyclinic structure.<\/p>\t\t\t\t\t\t\t\t<\/div>\n\t\t\t\t<\/div>\n\t\t\t\t<div class=\"elementor-element elementor-element-0b109c7 sc_fly_static elementor-widget elementor-widget-spacer\" data-id=\"0b109c7\" data-element_type=\"widget\" data-widget_type=\"spacer.default\">\n\t\t\t\t<div class=\"elementor-widget-container\">\n\t\t\t\t\t\t\t<div class=\"elementor-spacer\">\n\t\t\t<div class=\"elementor-spacer-inner\"><\/div>\n\t\t<\/div>\n\t\t\t\t\t\t<\/div>\n\t\t\t\t<\/div>\n\t\t\t\t<div class=\"elementor-element elementor-element-78d508c sc_fly_static elementor-widget elementor-widget-spacer\" data-id=\"78d508c\" data-element_type=\"widget\" data-widget_type=\"spacer.default\">\n\t\t\t\t<div class=\"elementor-widget-container\">\n\t\t\t\t\t\t\t<div class=\"elementor-spacer\">\n\t\t\t<div class=\"elementor-spacer-inner\"><\/div>\n\t\t<\/div>\n\t\t\t\t\t\t<\/div>\n\t\t\t\t<\/div>\n\t\t\t\t<div class=\"elementor-element elementor-element-eb9da25 sc_fly_static elementor-widget elementor-widget-text-editor\" data-id=\"eb9da25\" data-element_type=\"widget\" data-widget_type=\"text-editor.default\">\n\t\t\t\t<div class=\"elementor-widget-container\">\n\t\t\t\t\t\t\t\t\t<p><a class=\"simple_text_link underline_anim\" href=\"\/en\/iletisim\/\">Contact<\/a><\/p>\t\t\t\t\t\t\t\t<\/div>\n\t\t\t\t<\/div>\n\t\t\t\t<div class=\"elementor-element elementor-element-fc011a9 sc_fly_static elementor-widget elementor-widget-spacer\" data-id=\"fc011a9\" data-element_type=\"widget\" data-widget_type=\"spacer.default\">\n\t\t\t\t<div class=\"elementor-widget-container\">\n\t\t\t\t\t\t\t<div class=\"elementor-spacer\">\n\t\t\t<div class=\"elementor-spacer-inner\"><\/div>\n\t\t<\/div>\n\t\t\t\t\t\t<\/div>\n\t\t\t\t<\/div>\n\t\t\t\t\t<\/div>\n\t\t<\/div>\n\t\t\t\t\t<\/div>\n\t\t<\/section>\n\t\t\t\t<section class=\"elementor-section elementor-top-section elementor-element elementor-element-edae564 elementor-section-boxed elementor-section-height-default elementor-section-height-default sc_fly_static\" data-id=\"edae564\" data-element_type=\"section\">\n\t\t\t\t\t\t<div class=\"elementor-container elementor-column-gap-no\">\n\t\t\t\t\t<div class=\"elementor-column elementor-col-50 elementor-top-column elementor-element elementor-element-98c60d3 sc_inner_width_none sc_content_align_inherit sc_layouts_column_icons_position_left sc_fly_static\" data-id=\"98c60d3\" data-element_type=\"column\" data-settings=\"{&quot;background_background&quot;:&quot;classic&quot;}\">\n\t\t\t<div class=\"elementor-widget-wrap elementor-element-populated\">\n\t\t\t\t\t\t<div class=\"elementor-element elementor-element-26236e3 sc_fly_static elementor-widget elementor-widget-text-editor\" data-id=\"26236e3\" data-element_type=\"widget\" data-widget_type=\"text-editor.default\">\n\t\t\t\t<div class=\"elementor-widget-container\">\n\t\t\t\t\t\t\t\t\t<p>Dr. Dt. \u0130pek Meri\u00e7 is an active member of one of the most prestigious groups in dental community,\nITI (International Team for Implantology).<br \/><br \/>Dr. Dt. Arda Meri\u00e7 has participated in numerous national and international courses and congresses\nand continues to participate with the aim of continuous development.<\/p><p>Among the courses he has studied are the Tweed Study Course in Tucson, Arizona, which has been held\nfor more than 50 years teaching advanced biomechanical training and the FACE Course Series, which\nteaches detailed diagnosis and treatment planning focused on TMJ (Temporomandibular Joint).<br \/><br \/><\/p>\t\t\t\t\t\t\t\t<\/div>\n\t\t\t\t<\/div>\n\t\t\t\t\t<\/div>\n\t\t<\/div>\n\t\t\t\t<div class=\"elementor-column elementor-col-50 elementor-top-column elementor-element elementor-element-89ccc7f sc_inner_width_none sc_content_align_inherit sc_layouts_column_icons_position_left sc_fly_static\" data-id=\"89ccc7f\" data-element_type=\"column\">\n\t\t\t<div class=\"elementor-widget-wrap elementor-element-populated\">\n\t\t\t\t\t\t<section class=\"elementor-section elementor-inner-section elementor-element elementor-element-600620e scheme_dark elementor-section-boxed elementor-section-height-default elementor-section-height-default sc_fly_static\" data-id=\"600620e\" data-element_type=\"section\" data-settings=\"{&quot;background_background&quot;:&quot;classic&quot;}\">\n\t\t\t\t\t\t<div class=\"elementor-container elementor-column-gap-no\">\n\t\t\t\t\t<div class=\"elementor-column elementor-col-100 elementor-inner-column elementor-element elementor-element-9e42eae scheme_dark sc_inner_width_none sc_content_align_inherit sc_layouts_column_icons_position_left sc_fly_static\" data-id=\"9e42eae\" data-element_type=\"column\" data-settings=\"{&quot;background_background&quot;:&quot;classic&quot;}\">\n\t\t\t<div class=\"elementor-widget-wrap elementor-element-populated\">\n\t\t\t\t\t\t<div class=\"elementor-element elementor-element-23ae554 sc_fly_static elementor-widget elementor-widget-trx_sc_title\" data-id=\"23ae554\" data-element_type=\"widget\" data-widget_type=\"trx_sc_title.default\">\n\t\t\t\t<div class=\"elementor-widget-container\">\n\t\t\t\t\t<div\t\tclass=\"sc_title sc_title_default\" ><h3 class=\"sc_item_title sc_title_title sc_item_title_style_default sc_item_title_tag\"\r\n\t\t\t><span class=\"sc_item_title_text\">We apply high standard treatments in all branches of dentistry.<\/span><\/h3><\/div>\t\t\t\t<\/div>\n\t\t\t\t<\/div>\n\t\t\t\t\t<\/div>\n\t\t<\/div>\n\t\t\t\t\t<\/div>\n\t\t<\/section>\n\t\t\t\t<div class=\"elementor-element elementor-element-a6f6dca sc_fly_static elementor-widget elementor-widget-text-editor\" data-id=\"a6f6dca\" data-element_type=\"widget\" data-widget_type=\"text-editor.default\">\n\t\t\t\t<div class=\"elementor-widget-container\">\n\t\t\t\t\t\t\t\t\t<p>Dr. Dt. Arda Meri\u00e7 is a member of TOS (Turkish Orthodontic Society), AAO (American Association of\nOrthodontists) and WFO (World Federation of Orthodontists).<\/p><p>Dr. Dt. \u0130pek AYSAN MER\u0130\u00c7<br \/>Prosthetic Dentistry Specialist<\/p><p>Dr. Dt. Arda MER\u0130\u00c7<br \/>Orthodontist<\/p>\t\t\t\t\t\t\t\t<\/div>\n\t\t\t\t<\/div>\n\t\t\t\t\t<\/div>\n\t\t<\/div>\n\t\t\t\t\t<\/div>\n\t\t<\/section>\n\t\t\t\t<section class=\"elementor-section elementor-top-section elementor-element elementor-element-7ae0772e elementor-section-boxed elementor-section-height-default elementor-section-height-default sc_fly_static\" data-id=\"7ae0772e\" data-element_type=\"section\">\n\t\t\t\t\t\t<div class=\"elementor-container elementor-column-gap-extended\">\n\t\t\t\t\t<div class=\"elementor-column elementor-col-100 elementor-top-column elementor-element elementor-element-1a8caa12 sc_inner_width_none sc_content_align_inherit sc_layouts_column_icons_position_left sc_fly_static\" data-id=\"1a8caa12\" data-element_type=\"column\">\n\t\t\t<div class=\"elementor-widget-wrap elementor-element-populated\">\n\t\t\t\t\t\t<div class=\"elementor-element elementor-element-e344f35 sc_fly_static elementor-widget elementor-widget-trx_sc_icons\" data-id=\"e344f35\" data-element_type=\"widget\" data-widget_type=\"trx_sc_icons.default\">\n\t\t\t\t<div class=\"elementor-widget-container\">\n\t\t\t\t\t<div \r\n\tclass=\"sc_icons color_style_link2 sc_icons_number sc_icons_size_small sc_align_none\" ><div class=\"sc_icons_columns_wrap sc_item_columns trx_addons_columns_wrap columns_padding_bottom columns_in_single_row\" ><div class=\"trx_addons_column-1_3\"><div class=\"sc_icons_item sc_icons_item_linked\"><span class=\"sc_icons_item_number\">01<\/span>\r\n                <div class=\"sc_icons_item_header\"><div class=\"sc_icons_icon sc_icon_type_ icon-new-dental-clinic2\" ><span class=\"sc_icon_type_ icon-new-dental-clinic2\"><\/span><\/div><h4 class=\"sc_icons_item_title\"><a href=\"https:\/\/mericdentalclinic.com\/en\/services\/family-dentistry\/\">\r\r\n                                Professional \r\n                                <\/a><a href=\"https:\/\/mericdentalclinic.com\/en\/services\/family-dentistry\/\">\r\r\n                                Services\r\n                                <\/a><\/h4><\/div><div class=\"sc_icons_item_details\"><div class=\"sc_icons_item_description\"><span>We apply the highest standards in all our service areas.<\/span><\/div><a href=\"https:\/\/mericdentalclinic.com\/en\/services\/family-dentistry\/\"\r\r\n                        class=\"sc_icons_item_link\">\r\r\n                        <\/a><\/div><\/div><\/div><div class=\"trx_addons_column-1_3\"><div class=\"sc_icons_item sc_icons_item_linked\"><span class=\"sc_icons_item_number\">02<\/span>\r\n                <div class=\"sc_icons_item_header\"><div class=\"sc_icons_icon sc_icon_type_ icon-new-tooth-hygiene\" ><span class=\"sc_icon_type_ icon-new-tooth-hygiene\"><\/span><\/div><h4 class=\"sc_icons_item_title\"><a href=\"https:\/\/mericdentalclinic.com\/en\/services\/dental-implants\/\">\r\r\n                                Happy Patients\r\n                                <\/a><\/h4><\/div><div class=\"sc_icons_item_details\"><div class=\"sc_icons_item_description\"><span>Our priority is always the satisfaction of our patients.<\/span><\/div><a href=\"https:\/\/mericdentalclinic.com\/en\/services\/dental-implants\/\"\r\r\n                        class=\"sc_icons_item_link\">\r\r\n                        <\/a><\/div><\/div><\/div><div class=\"trx_addons_column-1_3\"><div class=\"sc_icons_item sc_icons_item_linked\"><span class=\"sc_icons_item_number\">03<\/span>\r\n                <div class=\"sc_icons_item_header\"><div class=\"sc_icons_icon sc_icon_type_ icon-new-dentist-chair\" ><span class=\"sc_icon_type_ icon-new-dentist-chair\"><\/span><\/div><h4 class=\"sc_icons_item_title\"><a href=\"https:\/\/mericdentalclinic.com\/en\/services\/dental-hygiene\/\">\r\r\n                                Specialist Physicians\r\n                                <\/a><\/h4><\/div><div class=\"sc_icons_item_details\"><div class=\"sc_icons_item_description\"><span>We offer professional service with our team of experts in their fields.<\/span><\/div><a href=\"https:\/\/mericdentalclinic.com\/en\/services\/dental-hygiene\/\"\r\r\n                        class=\"sc_icons_item_link\">\r\r\n                        <\/a><\/div><\/div><\/div><\/div><\/div><!-- \/.sc_icons -->\t\t\t\t<\/div>\n\t\t\t\t<\/div>\n\t\t\t\t<div class=\"elementor-element elementor-element-da7110f sc_fly_static elementor-widget elementor-widget-spacer\" data-id=\"da7110f\" data-element_type=\"widget\" data-widget_type=\"spacer.default\">\n\t\t\t\t<div class=\"elementor-widget-container\">\n\t\t\t\t\t\t\t<div class=\"elementor-spacer\">\n\t\t\t<div class=\"elementor-spacer-inner\"><\/div>\n\t\t<\/div>\n\t\t\t\t\t\t<\/div>\n\t\t\t\t<\/div>\n\t\t\t\t\t<\/div>\n\t\t<\/div>\n\t\t\t\t\t<\/div>\n\t\t<\/section>\n\t\t\t\t<section class=\"elementor-section elementor-top-section elementor-element elementor-element-1fe336f4 scheme_dark elementor-section-boxed elementor-section-height-default elementor-section-height-default sc_fly_static\" data-id=\"1fe336f4\" data-element_type=\"section\" data-settings=\"{&quot;background_background&quot;:&quot;classic&quot;}\">\n\t\t\t\t\t\t\t<div class=\"elementor-background-overlay\"><\/div>\n\t\t\t\t\t\t\t<div class=\"elementor-container elementor-column-gap-default\">\n\t\t\t\t\t<div class=\"elementor-column elementor-col-100 elementor-top-column elementor-element elementor-element-12d0780a sc_layouts_column_align_center sc_layouts_column sc-mobile_layouts_column_align_center sc_layouts_column sc_inner_width_none sc_content_align_inherit sc_layouts_column_icons_position_left sc_fly_static\" data-id=\"12d0780a\" data-element_type=\"column\">\n\t\t\t<div class=\"elementor-widget-wrap elementor-element-populated\">\n\t\t\t\t\t\t<div class=\"elementor-element elementor-element-6d31b2b7 sc_height_huge sc_fly_static elementor-widget elementor-widget-spacer\" data-id=\"6d31b2b7\" data-element_type=\"widget\" data-widget_type=\"spacer.default\">\n\t\t\t\t<div class=\"elementor-widget-container\">\n\t\t\t\t\t\t\t<div class=\"elementor-spacer\">\n\t\t\t<div class=\"elementor-spacer-inner\"><\/div>\n\t\t<\/div>\n\t\t\t\t\t\t<\/div>\n\t\t\t\t<\/div>\n\t\t\t\t<div class=\"elementor-element elementor-element-6b81da07 sc_height_huge sc_layouts_hide_on_mobile sc_fly_static elementor-widget elementor-widget-spacer\" data-id=\"6b81da07\" data-element_type=\"widget\" data-widget_type=\"spacer.default\">\n\t\t\t\t<div class=\"elementor-widget-container\">\n\t\t\t\t\t\t\t<div class=\"elementor-spacer\">\n\t\t\t<div class=\"elementor-spacer-inner\"><\/div>\n\t\t<\/div>\n\t\t\t\t\t\t<\/div>\n\t\t\t\t<\/div>\n\t\t\t\t<div class=\"elementor-element elementor-element-f2a90e2 sc_layouts_hide_on_mobile sc_layouts_hide_on_notebook sc_layouts_hide_on_tablet sc_fly_static elementor-widget elementor-widget-spacer\" data-id=\"f2a90e2\" data-element_type=\"widget\" data-widget_type=\"spacer.default\">\n\t\t\t\t<div class=\"elementor-widget-container\">\n\t\t\t\t\t\t\t<div class=\"elementor-spacer\">\n\t\t\t<div class=\"elementor-spacer-inner\"><\/div>\n\t\t<\/div>\n\t\t\t\t\t\t<\/div>\n\t\t\t\t<\/div>\n\t\t\t\t<div data-mouse-helper=\"hover\" data-mouse-helper-hide-helper=\"1\" data-mouse-helper-centered=\"1\" data-mouse-helper-magnet=\"99\" data-mouse-helper-color=\"\" data-mouse-helper-bg-color=\"\" data-mouse-helper-bd-color=\"\" data-mouse-helper-bd-width=\"-1\" data-mouse-helper-mode=\"multiply\" data-mouse-helper-axis=\"xy\" data-mouse-helper-delay=\"0\" data-mouse-helper-text=\"\" data-mouse-helper-text-size=\"\" data-mouse-helper-text-round=\"0\" data-mouse-helper-icon=\"\" data-mouse-helper-icon-size=\"\" data-mouse-helper-icon-color=\"\" data-mouse-helper-image=\"\" data-mouse-helper-layout=\"\" data-mouse-helper-callback=\"\" data-mouse-helper-hide-cursor=\"0\" class=\"elementor-element elementor-element-1b9d8975 elementor-align-center round-square elementor-widget__width-auto sc_fly_static elementor-widget elementor-widget-button\" data-id=\"1b9d8975\" data-element_type=\"widget\" data-widget_type=\"button.default\">\n\t\t\t\t<div class=\"elementor-widget-container\">\n\t\t\t\t\t\t\t\t\t<div class=\"elementor-button-wrapper\">\n\t\t\t\t\t<a class=\"elementor-button elementor-button-link elementor-size-sm\" href=\"https:\/\/www.youtube.com\/watch?v=00yhpG5q97k\" target=\"_blank\">\n\t\t\t\t\t\t<span class=\"elementor-button-content-wrapper\">\n\t\t\t\t\t\t\t\t\t<span class=\"elementor-button-text\">PLAY<\/span>\n\t\t\t\t\t<\/span>\n\t\t\t\t\t<\/a>\n\t\t\t\t<\/div>\n\t\t\t\t\t\t\t\t<\/div>\n\t\t\t\t<\/div>\n\t\t\t\t<div class=\"elementor-element elementor-element-a171049 sc_layouts_hide_on_mobile sc_layouts_hide_on_notebook sc_layouts_hide_on_tablet sc_fly_static elementor-widget elementor-widget-spacer\" data-id=\"a171049\" data-element_type=\"widget\" data-widget_type=\"spacer.default\">\n\t\t\t\t<div class=\"elementor-widget-container\">\n\t\t\t\t\t\t\t<div class=\"elementor-spacer\">\n\t\t\t<div class=\"elementor-spacer-inner\"><\/div>\n\t\t<\/div>\n\t\t\t\t\t\t<\/div>\n\t\t\t\t<\/div>\n\t\t\t\t<div class=\"elementor-element elementor-element-25142de9 sc_height_huge sc_layouts_hide_on_mobile sc_fly_static elementor-widget elementor-widget-spacer\" data-id=\"25142de9\" data-element_type=\"widget\" data-widget_type=\"spacer.default\">\n\t\t\t\t<div class=\"elementor-widget-container\">\n\t\t\t\t\t\t\t<div class=\"elementor-spacer\">\n\t\t\t<div class=\"elementor-spacer-inner\"><\/div>\n\t\t<\/div>\n\t\t\t\t\t\t<\/div>\n\t\t\t\t<\/div>\n\t\t\t\t<div class=\"elementor-element elementor-element-1948c74 sc_height_huge sc_fly_static elementor-widget elementor-widget-spacer\" data-id=\"1948c74\" data-element_type=\"widget\" data-widget_type=\"spacer.default\">\n\t\t\t\t<div class=\"elementor-widget-container\">\n\t\t\t\t\t\t\t<div class=\"elementor-spacer\">\n\t\t\t<div class=\"elementor-spacer-inner\"><\/div>\n\t\t<\/div>\n\t\t\t\t\t\t<\/div>\n\t\t\t\t<\/div>\n\t\t\t\t\t<\/div>\n\t\t<\/div>\n\t\t\t\t\t<\/div>\n\t\t<\/section>\n\t\t\t\t<\/div>","protected":false},"excerpt":{"rendered":"<p>Meri\u00e7 Dental Klinik, Protetik Tedavi Uzman\u0131 Dr. Dt. \u0130pek AYSAN MER\u0130\u00c7 ve Ortodonti Uzman\u0131 Dr. Dt. Arda MER\u0130\u00c7 taraf\u0131ndan 2016 y\u0131l\u0131nda kurulmu\u015ftur. \u0130ki uzman hekim 6 y\u0131l butik bir muayenehanede,&hellip;<\/p>","protected":false},"author":1,"featured_media":0,"parent":0,"menu_order":0,"comment_status":"closed","ping_status":"closed","template":"","meta":{"footnotes":""},"class_list":["post-19327","page","type-page","status-publish","hentry"],"_links":{"self":[{"href":"https:\/\/mericdentalclinic.com\/en\/wp-json\/wp\/v2\/pages\/19327","targetHints":{"allow":["GET"]}}],"collection":[{"href":"https:\/\/mericdentalclinic.com\/en\/wp-json\/wp\/v2\/pages"}],"about":[{"href":"https:\/\/mericdentalclinic.com\/en\/wp-json\/wp\/v2\/types\/page"}],"author":[{"embeddable":true,"href":"https:\/\/mericdentalclinic.com\/en\/wp-json\/wp\/v2\/users\/1"}],"replies":[{"embeddable":true,"href":"https:\/\/mericdentalclinic.com\/en\/wp-json\/wp\/v2\/comments?post=19327"}],"version-history":[{"count":46,"href":"https:\/\/mericdentalclinic.com\/en\/wp-json\/wp\/v2\/pages\/19327\/revisions"}],"predecessor-version":[{"id":22461,"href":"https:\/\/mericdentalclinic.com\/en\/wp-json\/wp\/v2\/pages\/19327\/revisions\/22461"}],"wp:attachment":[{"href":"https:\/\/mericdentalclinic.com\/en\/wp-json\/wp\/v2\/media?parent=19327"}],"curies":[{"name":"wp","href":"https:\/\/api.w.org\/{rel}","templated":true}]}}